{"id":10,"date":"2023-12-05T13:38:30","date_gmt":"2023-12-05T12:38:30","guid":{"rendered":"https:\/\/svarogtrade.com\/?page_id=10"},"modified":"2023-12-12T14:54:57","modified_gmt":"2023-12-12T13:54:57","slug":"informacje","status":"publish","type":"page","link":"https:\/\/svarogtrade.com\/index.php\/informacje\/","title":{"rendered":"O nas"},"content":{"rendered":"\n<div class=\"wp-block-cover alignfull is-light\" style=\"min-height:300px;aspect-ratio:unset;\"><span aria-hidden=\"true\" class=\"wp-block-cover__background has-nv-site-bg-background-color has-background-dim-100 has-background-dim\"><\/span><div class=\"wp-block-cover__inner-container is-layout-flow wp-block-cover-is-layout-flow\">\n<div class=\"wp-block-group\"><div class=\"wp-block-group__inner-container is-layout-flow wp-block-group-is-layout-flow\">\n<h1 class=\"wp-block-heading has-text-align-left has-neve-text-color-color has-text-color\">O nas<\/h1>\n<\/div><\/div>\n<\/div><\/div>\n\n\n\n<div class=\"wp-block-cover alignfull is-light\" style=\"min-height:600px;aspect-ratio:unset;\"><span aria-hidden=\"true\" class=\"wp-block-cover__background has-nv-light-bg-background-color has-background-dim-100 has-background-dim\"><\/span><div class=\"wp-block-cover__inner-container is-layout-flow wp-block-cover-is-layout-flow\">\n<div class=\"wp-block-group\"><div class=\"wp-block-group__inner-container is-layout-flow wp-block-group-is-layout-flow\">\n<div style=\"height:80px\" aria-hidden=\"true\" class=\"wp-block-spacer\"><\/div>\n\n\n\n<div class=\"wp-block-columns are-vertically-aligned-center is-layout-flex wp-container-core-columns-is-layout-9d6595d7 wp-block-columns-is-layout-flex\">\n<div class=\"wp-block-column is-vertically-aligned-center has-small-font-size is-layout-flow wp-block-column-is-layout-flow\" style=\"padding-top:0px;padding-bottom:0px;flex-basis:50%\">\n<figure class=\"wp-block-image size-large is-resized\"><img loading=\"lazy\" decoding=\"async\" width=\"1024\" height=\"683\" src=\"https:\/\/svarogtrade.com\/wp-content\/uploads\/2023\/12\/pexels-karolina-grabowska-7681227-1024x683.jpg\" alt=\"\" class=\"wp-image-64\" style=\"width:580px;height:auto\" srcset=\"https:\/\/svarogtrade.com\/wp-content\/uploads\/2023\/12\/pexels-karolina-grabowska-7681227-1024x683.jpg 1024w, https:\/\/svarogtrade.com\/wp-content\/uploads\/2023\/12\/pexels-karolina-grabowska-7681227-300x200.jpg 300w, https:\/\/svarogtrade.com\/wp-content\/uploads\/2023\/12\/pexels-karolina-grabowska-7681227-768x512.jpg 768w, https:\/\/svarogtrade.com\/wp-content\/uploads\/2023\/12\/pexels-karolina-grabowska-7681227-1536x1024.jpg 1536w, https:\/\/svarogtrade.com\/wp-content\/uploads\/2023\/12\/pexels-karolina-grabowska-7681227-2048x1365.jpg 2048w, https:\/\/svarogtrade.com\/wp-content\/uploads\/2023\/12\/pexels-karolina-grabowska-7681227-930x620.jpg 930w\" sizes=\"auto, (max-width: 1024px) 100vw, 1024px\" \/><\/figure>\n<\/div>\n\n\n\n<div class=\"wp-block-column is-vertically-aligned-center is-layout-flow wp-block-column-is-layout-flow\" style=\"flex-basis:50%\">\n<h2 class=\"wp-block-heading has-neve-text-color-color has-text-color\">Nasza historia<\/h2>\n\n\n\n<p class=\"has-neve-text-color-color has-text-color has-medium-font-size\">Do\u015bwiadczenie i kontakty, kt\u00f3re zdobyli\u015bmy na przestrzeli lat pozwoli\u0142y nam na rozpocz\u0119cie dzia\u0142alno\u015bci handlowej we w\u0142asnej firmie, oferuj\u0105c opa\u0142, artyku\u0142y przemys\u0142owe oraz kaw\u0119.<\/p>\n\n\n\n<p class=\"has-neve-text-color-color has-text-color\">Nasza praca jest wydajniejsza dzi\u0119ki wsp\u00f3\u0142pracy z bli\u017aniaczymi firmami &#8211; transportow\u0105 i ksi\u0119gow\u0105. Dzi\u0119ki temu jeste\u015bmy w stanie sprawnie kontrolowa\u0107 ca\u0142y proces zakupowy, od z\u0142o\u017cenia zam\u00f3wienia a\u017c do dostarczenia towaru do odbiorcy.<\/p>\n\n\n\n<p>Posiadamy tak\u017ce uprawnienia agenta celnego &#8211; nie zaskocz\u0105 nas procedury zwi\u0105zane z handlem mi\u0119dzynarodowym.<\/p>\n<\/div>\n<\/div>\n\n\n\n<div style=\"height:40px\" aria-hidden=\"true\" class=\"wp-block-spacer\"><\/div>\n<\/div><\/div>\n<\/div><\/div>\n\n\n\n<div class=\"wp-block-cover alignfull is-light\" style=\"min-height:600px;aspect-ratio:unset;\"><span aria-hidden=\"true\" class=\"wp-block-cover__background has-nv-dark-bg-background-color has-background-dim-100 has-background-dim\"><\/span><div class=\"wp-block-cover__inner-container is-layout-flow wp-block-cover-is-layout-flow\">\n<div class=\"wp-block-group\"><div class=\"wp-block-group__inner-container is-layout-flow wp-block-group-is-layout-flow\">\n<div style=\"height:80px\" aria-hidden=\"true\" class=\"wp-block-spacer\"><\/div>\n\n\n\n<div class=\"wp-block-columns are-vertically-aligned-center is-layout-flex wp-container-core-columns-is-layout-9d6595d7 wp-block-columns-is-layout-flex\">\n<div class=\"wp-block-column is-vertically-aligned-center is-layout-flow wp-block-column-is-layout-flow\" style=\"flex-basis:50%\">\n<h2 class=\"wp-block-heading has-nv-text-dark-bg-color has-text-color\">Kim jest Svarog?<\/h2>\n\n\n\n<p class=\"has-nv-text-dark-bg-color has-text-color\">Svarog &#8211; b\u00f3g s\u0142o\u0144ca i ognia oraz kowalstwa, parton rzemie\u015blnik\u00f3w, tw\u00f3rca nieba. Jego zwierz\u0119cy towarzysz Rar\u00f3g mia\u0142 przynosi\u0107 szcz\u0119\u015bcie.<\/p>\n\n\n\n<p class=\"has-nv-site-bg-color has-text-color has-link-color wp-elements-610a3b1f20a287e16c81d334d58b85b7\">Dzi\u0119ki s\u0142o\u0144cu i u\u017cyciu ognia ludzie mogli si\u0119 rozwija\u0107. Teraz r\u00f3wnie\u017c chcemy pom\u00f3c Pa\u0144stwu w rozwoju poprzez terminowe dostawy najwy\u017cszej jako\u015bci produkt\u00f3w, dopasowanych do indywidualnych potrzeb Pa\u0144stwa biznesu.<\/p>\n\n\n\n<p class=\"has-nv-site-bg-color has-text-color has-link-color wp-elements-236739c26acacbfb4cd4771b161ca2c3\">Handel nie stoi w bezruchu wi\u0119c ca\u0142y czas poszukujemy nowych dostawc\u00f3w.<\/p>\n\n\n\n<div style=\"height:20px\" aria-hidden=\"true\" class=\"wp-block-spacer\"><\/div>\n\n\n\n<div class=\"wp-block-buttons is-layout-flex wp-block-buttons-is-layout-flex\">\n<div class=\"wp-block-button is-style-primary\"><a class=\"wp-block-button__link has-pale-ocean-gradient-background has-background wp-element-button\" href=\"https:\/\/svarogtrade.com\/index.php\/contact\/\">Porozmawiajmy o ofercie<\/a><\/div>\n<\/div>\n\n\n\n<div style=\"height:20px\" aria-hidden=\"true\" class=\"wp-block-spacer\"><\/div>\n<\/div>\n\n\n\n<div class=\"wp-block-column is-vertically-aligned-center is-layout-flow wp-block-column-is-layout-flow\" style=\"flex-basis:50%\">\n<figure class=\"wp-block-image size-full\"><img loading=\"lazy\" decoding=\"async\" width=\"2560\" height=\"1707\" src=\"https:\/\/svarogtrade.com\/wp-content\/uploads\/2023\/12\/pexels-karolina-grabowska-7681506-scaled.jpg\" alt=\"\" class=\"wp-image-67\" srcset=\"https:\/\/svarogtrade.com\/wp-content\/uploads\/2023\/12\/pexels-karolina-grabowska-7681506-scaled.jpg 2560w, https:\/\/svarogtrade.com\/wp-content\/uploads\/2023\/12\/pexels-karolina-grabowska-7681506-300x200.jpg 300w, https:\/\/svarogtrade.com\/wp-content\/uploads\/2023\/12\/pexels-karolina-grabowska-7681506-1024x683.jpg 1024w, https:\/\/svarogtrade.com\/wp-content\/uploads\/2023\/12\/pexels-karolina-grabowska-7681506-768x512.jpg 768w, https:\/\/svarogtrade.com\/wp-content\/uploads\/2023\/12\/pexels-karolina-grabowska-7681506-1536x1024.jpg 1536w, https:\/\/svarogtrade.com\/wp-content\/uploads\/2023\/12\/pexels-karolina-grabowska-7681506-2048x1365.jpg 2048w, https:\/\/svarogtrade.com\/wp-content\/uploads\/2023\/12\/pexels-karolina-grabowska-7681506-930x620.jpg 930w\" sizes=\"auto, (max-width: 2560px) 100vw, 2560px\" \/><\/figure>\n<\/div>\n<\/div>\n\n\n\n<div style=\"height:40px\" aria-hidden=\"true\" class=\"wp-block-spacer\"><\/div>\n<\/div><\/div>\n<\/div><\/div>\n\n\n\n<div class=\"wp-block-cover alignfull is-light\" style=\"min-height:420px;aspect-ratio:unset;\"><span aria-hidden=\"true\" class=\"wp-block-cover__background has-nv-site-bg-background-color has-background-dim-100 has-background-dim\"><\/span><div class=\"wp-block-cover__inner-container is-layout-flow wp-block-cover-is-layout-flow\">\n<div style=\"height:80px\" aria-hidden=\"true\" class=\"wp-block-spacer\"><\/div>\n\n\n\n<div class=\"wp-block-columns is-layout-flex wp-container-core-columns-is-layout-9d6595d7 wp-block-columns-is-layout-flex\">\n<div class=\"wp-block-column ticss-4ce656f1 is-layout-flow wp-block-column-is-layout-flow\">\n<figure class=\"wp-block-image is-resized icon-style is-style-rounded\"><img decoding=\"async\" src=\"https:\/\/svarogtrade.com\/wp-content\/themes\/neve\/assets\/img\/starter-content\/icon-03.svg\" alt=\"\"\/><\/figure>\n\n\n\n<div style=\"height:24px\" aria-hidden=\"true\" class=\"wp-block-spacer\"><\/div>\n\n\n\n<h3 class=\"wp-block-heading has-text-align-left has-text-align-center has-neve-text-color-color has-text-color\">Do\u015bwiadczenie<\/h3>\n\n\n\n<p class=\"has-text-align-left has-neve-text-color-color has-text-color\" style=\"font-size:15px\">Dzia\u0142amy w handlu od 2014 roku.<\/p>\n\n\n\n<p><\/p>\n\n\n\n<div style=\"height:20px\" aria-hidden=\"true\" class=\"wp-block-spacer\"><\/div>\n<\/div>\n\n\n\n<div class=\"wp-block-column ticss-f6fc7494 is-layout-flow wp-block-column-is-layout-flow\">\n<figure class=\"wp-block-image is-resized icon-style is-style-rounded\"><img decoding=\"async\" src=\"https:\/\/svarogtrade.com\/wp-content\/themes\/neve\/assets\/img\/starter-content\/icon-03.svg\" alt=\"\"\/><\/figure>\n\n\n\n<div style=\"height:24px\" aria-hidden=\"true\" class=\"wp-block-spacer\"><\/div>\n\n\n\n<h3 class=\"wp-block-heading has-text-align-left has-text-align-center has-neve-text-color-color has-text-color\">Zaanga\u017cowanie<\/h3>\n\n\n\n<p class=\"has-text-align-left has-neve-text-color-color has-text-color\" style=\"font-size:15px\">Przygotowujemy spersonalizowan\u0105 ofert\u0119.<\/p>\n\n\n\n<div style=\"height:20px\" aria-hidden=\"true\" class=\"wp-block-spacer\"><\/div>\n<\/div>\n\n\n\n<div class=\"wp-block-column ticss-a5b4df29 is-layout-flow wp-block-column-is-layout-flow\">\n<figure class=\"wp-block-image is-resized icon-style is-style-rounded\"><img decoding=\"async\" src=\"https:\/\/svarogtrade.com\/wp-content\/themes\/neve\/assets\/img\/starter-content\/icon-03.svg\" alt=\"\"\/><\/figure>\n\n\n\n<div style=\"height:24px\" aria-hidden=\"true\" class=\"wp-block-spacer\"><\/div>\n\n\n\n<h3 class=\"wp-block-heading has-text-align-left has-text-align-center has-neve-text-color-color has-text-color\">Wiedza i kompetencje<\/h3>\n\n\n\n<p class=\"has-text-align-left has-neve-text-color-color has-text-color\" style=\"font-size:15px\">Poprowadzimy transakcj\u0119 od A do Z.<\/p>\n\n\n\n<div style=\"height:20px\" aria-hidden=\"true\" class=\"wp-block-spacer\"><\/div>\n<\/div>\n<\/div>\n\n\n\n<div style=\"height:30px\" aria-hidden=\"true\" class=\"wp-block-spacer\"><\/div>\n<\/div><\/div>\n","protected":false},"excerpt":{"rendered":"","protected":false},"author":1,"featured_media":0,"parent":0,"menu_order":0,"comment_status":"closed","ping_status":"closed","template":"","meta":{"neve_meta_sidebar":"","neve_meta_container":"","neve_meta_enable_content_width":"on","neve_meta_content_width":100,"neve_meta_title_alignment":"","neve_meta_author_avatar":"","neve_post_elements_order":"","neve_meta_disable_header":"","neve_meta_disable_footer":"","neve_meta_disable_title":"on","footnotes":""},"class_list":["post-10","page","type-page","status-publish","hentry"],"_links":{"self":[{"href":"https:\/\/svarogtrade.com\/index.php\/wp-json\/wp\/v2\/pages\/10","targetHints":{"allow":["GET"]}}],"collection":[{"href":"https:\/\/svarogtrade.com\/index.php\/wp-json\/wp\/v2\/pages"}],"about":[{"href":"https:\/\/svarogtrade.com\/index.php\/wp-json\/wp\/v2\/types\/page"}],"author":[{"embeddable":true,"href":"https:\/\/svarogtrade.com\/index.php\/wp-json\/wp\/v2\/users\/1"}],"replies":[{"embeddable":true,"href":"https:\/\/svarogtrade.com\/index.php\/wp-json\/wp\/v2\/comments?post=10"}],"version-history":[{"count":5,"href":"https:\/\/svarogtrade.com\/index.php\/wp-json\/wp\/v2\/pages\/10\/revisions"}],"predecessor-version":[{"id":78,"href":"https:\/\/svarogtrade.com\/index.php\/wp-json\/wp\/v2\/pages\/10\/revisions\/78"}],"wp:attachment":[{"href":"https:\/\/svarogtrade.com\/index.php\/wp-json\/wp\/v2\/media?parent=10"}],"curies":[{"name":"wp","href":"https:\/\/api.w.org\/{rel}","templated":true}]}}