{"id":9,"date":"2023-12-05T13:38:30","date_gmt":"2023-12-05T12:38:30","guid":{"rendered":"https:\/\/svarogtrade.com\/?page_id=9"},"modified":"2023-12-12T14:53:08","modified_gmt":"2023-12-12T13:53:08","slug":"strona-glowna","status":"publish","type":"page","link":"https:\/\/svarogtrade.com\/","title":{"rendered":"Strona g\u0142\u00f3wna"},"content":{"rendered":"\n<div class=\"wp-block-cover alignfull is-light\" style=\"min-height:700px;aspect-ratio:unset;\"><span aria-hidden=\"true\" class=\"wp-block-cover__background has-background-dim-0 has-background-dim\"><\/span><video class=\"wp-block-cover__video-background intrinsic-ignore\" autoplay muted loop playsinline src=\"https:\/\/svarogtrade.com\/wp-content\/uploads\/2023\/12\/pexels-karolina-grabowska-7710774-Original.mp4\" data-object-fit=\"cover\"><\/video><div class=\"wp-block-cover__inner-container is-layout-flow wp-block-cover-is-layout-flow\">\n<div style=\"height:80px\" aria-hidden=\"true\" class=\"wp-block-spacer\"><\/div>\n\n\n\n<h1 class=\"wp-block-heading has-text-align-center has-text-color\" style=\"color:#121212\">Handel &#8211; podstawa cywilizacji<\/h1>\n\n\n\n<div style=\"height:80px\" aria-hidden=\"true\" class=\"wp-block-spacer\"><\/div>\n\n\n\n<div style=\"height:80px\" aria-hidden=\"true\" class=\"wp-block-spacer\"><\/div>\n\n\n\n<p class=\"has-text-align-center has-nv-dark-bg-color has-text-color\" style=\"font-size:20px\"><strong>Ka\u017cdy cz\u0142owiek na \u015bwiecie korzysta z handlu &#8211; w celach zarobkowych lub zaspokojenia w\u0142asnych potrzeb, od wymiany barterowej do wielomilionowych transakcji bezgot\u00f3wkowych. Dobry dystrybutor zapewni Pa\u0144stwu bezproblemowe dzia\u0142anie Waszych biznes\u00f3w, dostawy na czas i towar najlepszej jako\u015bci.<\/strong><\/p>\n\n\n\n<div class=\"wp-block-buttons is-content-justification-center is-layout-flex wp-container-core-buttons-is-layout-16018d1d wp-block-buttons-is-layout-flex\">\n<div class=\"wp-block-button is-style-primary\"><a class=\"wp-block-button__link has-pale-ocean-gradient-background has-background wp-element-button\" href=\"https:\/\/svarogtrade.com\/index.php\/informacje\/\">Dowiedz si\u0119 wi\u0119cej<\/a><\/div>\n<\/div>\n\n\n\n<p><\/p>\n<\/div><\/div>\n\n\n\n<div style=\"height:80px\" aria-hidden=\"true\" class=\"wp-block-spacer\"><\/div>\n\n\n\n<div class=\"wp-block-columns is-layout-flex wp-container-core-columns-is-layout-9d6595d7 wp-block-columns-is-layout-flex\">\n<div class=\"wp-block-column is-layout-flow wp-block-column-is-layout-flow\"><div class=\"wp-block-image is-resized icon-style is-style-default\">\n<figure class=\"aligncenter size-thumbnail\"><img loading=\"lazy\" decoding=\"async\" width=\"150\" height=\"150\" src=\"https:\/\/svarogtrade.com\/wp-content\/uploads\/2023\/12\/rating-150x150.png\" alt=\"\" class=\"wp-image-47\" style=\"width:64px\" srcset=\"https:\/\/svarogtrade.com\/wp-content\/uploads\/2023\/12\/rating-150x150.png 150w, https:\/\/svarogtrade.com\/wp-content\/uploads\/2023\/12\/rating-300x300.png 300w, https:\/\/svarogtrade.com\/wp-content\/uploads\/2023\/12\/rating.png 512w\" sizes=\"auto, (max-width: 150px) 100vw, 150px\" \/><\/figure>\n<\/div>\n\n\n<div style=\"height:20px\" aria-hidden=\"true\" class=\"wp-block-spacer\"><\/div>\n\n\n\n<h3 class=\"wp-block-heading has-text-align-center has-neve-text-color-color has-text-color\">Do\u015bwiadczenie<\/h3>\n\n\n\n<p class=\"has-text-align-center\">Do\u015bwiadczenie w handlu zdobywamy od 2014 roku.<\/p>\n\n\n\n<p><\/p>\n\n\n\n<div style=\"height:20px\" aria-hidden=\"true\" class=\"wp-block-spacer\"><\/div>\n<\/div>\n\n\n\n<div class=\"wp-block-column is-layout-flow wp-block-column-is-layout-flow\"><div class=\"wp-block-image is-resized icon-style is-style-default\">\n<figure class=\"aligncenter size-thumbnail\"><img loading=\"lazy\" decoding=\"async\" width=\"150\" height=\"150\" src=\"https:\/\/svarogtrade.com\/wp-content\/uploads\/2023\/12\/open-mind-150x150.png\" alt=\"\" class=\"wp-image-44\" style=\"width:64px;height:auto\" srcset=\"https:\/\/svarogtrade.com\/wp-content\/uploads\/2023\/12\/open-mind-150x150.png 150w, https:\/\/svarogtrade.com\/wp-content\/uploads\/2023\/12\/open-mind-300x300.png 300w, https:\/\/svarogtrade.com\/wp-content\/uploads\/2023\/12\/open-mind.png 512w\" sizes=\"auto, (max-width: 150px) 100vw, 150px\" \/><\/figure>\n<\/div>\n\n\n<div style=\"height:20px\" aria-hidden=\"true\" class=\"wp-block-spacer\"><\/div>\n\n\n\n<h3 class=\"wp-block-heading has-text-align-center has-neve-text-color-color has-text-color\">Otwarto\u015b\u0107<\/h3>\n\n\n\n<p class=\"has-text-align-center\">Nie mamy czego\u015b w ofercie? Nie szkodzi, daj nam zna\u0107 czego potrzebujesz, a my sprawdzimy nasze mo\u017cliwo\u015bci.<\/p>\n\n\n\n<div style=\"height:20px\" aria-hidden=\"true\" class=\"wp-block-spacer\"><\/div>\n<\/div>\n\n\n\n<div class=\"wp-block-column is-layout-flow wp-block-column-is-layout-flow\"><div class=\"wp-block-image is-resized icon-style is-style-default\">\n<figure class=\"aligncenter size-thumbnail\"><img loading=\"lazy\" decoding=\"async\" width=\"150\" height=\"150\" src=\"https:\/\/svarogtrade.com\/wp-content\/uploads\/2023\/12\/product-development-150x150.png\" alt=\"\" class=\"wp-image-46\" style=\"width:64px\" srcset=\"https:\/\/svarogtrade.com\/wp-content\/uploads\/2023\/12\/product-development-150x150.png 150w, https:\/\/svarogtrade.com\/wp-content\/uploads\/2023\/12\/product-development-300x300.png 300w, https:\/\/svarogtrade.com\/wp-content\/uploads\/2023\/12\/product-development.png 512w\" sizes=\"auto, (max-width: 150px) 100vw, 150px\" \/><\/figure>\n<\/div>\n\n\n<div style=\"height:20px\" aria-hidden=\"true\" class=\"wp-block-spacer\"><\/div>\n\n\n\n<h3 class=\"wp-block-heading has-text-align-center has-neve-text-color-color has-text-color\">Rozw\u00f3j<\/h3>\n\n\n\n<p class=\"has-text-align-center\">Nieustannie poszerzamy nasz\u0105 ofert\u0119 oraz kierunki dzia\u0142ania.<\/p>\n\n\n\n<div style=\"height:20px\" aria-hidden=\"true\" class=\"wp-block-spacer\"><\/div>\n<\/div>\n<\/div>\n\n\n\n<div style=\"height:80px\" aria-hidden=\"true\" class=\"wp-block-spacer\"><\/div>\n\n\n\n<div class=\"wp-block-cover alignfull is-light\" style=\"min-height:600px;aspect-ratio:unset;\"><span aria-hidden=\"true\" class=\"wp-block-cover__background has-nv-light-bg-background-color has-background-dim-100 has-background-dim\"><\/span><div class=\"wp-block-cover__inner-container is-layout-flow wp-block-cover-is-layout-flow\">\n<div class=\"wp-block-group\"><div class=\"wp-block-group__inner-container is-layout-flow wp-block-group-is-layout-flow\">\n<div style=\"height:80px\" aria-hidden=\"true\" class=\"wp-block-spacer\"><\/div>\n\n\n\n<div class=\"wp-block-columns are-vertically-aligned-center is-layout-flex wp-container-core-columns-is-layout-9d6595d7 wp-block-columns-is-layout-flex\">\n<div class=\"wp-block-column is-vertically-aligned-center is-layout-flow wp-block-column-is-layout-flow\" style=\"flex-basis:50%\">\n<figure class=\"wp-block-image size-large\"><img loading=\"lazy\" decoding=\"async\" width=\"1024\" height=\"683\" src=\"https:\/\/svarogtrade.com\/wp-content\/uploads\/2023\/12\/pexels-karolina-grabowska-7681218-1024x683.jpg\" alt=\"\" class=\"wp-image-50\" srcset=\"https:\/\/svarogtrade.com\/wp-content\/uploads\/2023\/12\/pexels-karolina-grabowska-7681218-1024x683.jpg 1024w, https:\/\/svarogtrade.com\/wp-content\/uploads\/2023\/12\/pexels-karolina-grabowska-7681218-300x200.jpg 300w, https:\/\/svarogtrade.com\/wp-content\/uploads\/2023\/12\/pexels-karolina-grabowska-7681218-768x512.jpg 768w, https:\/\/svarogtrade.com\/wp-content\/uploads\/2023\/12\/pexels-karolina-grabowska-7681218-1536x1024.jpg 1536w, https:\/\/svarogtrade.com\/wp-content\/uploads\/2023\/12\/pexels-karolina-grabowska-7681218-2048x1365.jpg 2048w, https:\/\/svarogtrade.com\/wp-content\/uploads\/2023\/12\/pexels-karolina-grabowska-7681218-930x620.jpg 930w\" sizes=\"auto, (max-width: 1024px) 100vw, 1024px\" \/><\/figure>\n<\/div>\n\n\n\n<div class=\"wp-block-column is-vertically-aligned-center is-layout-flow wp-block-column-is-layout-flow\" style=\"flex-basis:50%\">\n<div style=\"height:20px\" aria-hidden=\"true\" class=\"wp-block-spacer\"><\/div>\n\n\n\n<h2 class=\"wp-block-heading has-text-align-left has-neve-text-color-color has-text-color\">Oferta<\/h2>\n\n\n\n<p class=\"has-text-align-left has-neve-text-color-color has-text-color\" style=\"font-size:17px\">Zajmujemy si\u0119 dystrybucj\u0105:<\/p>\n\n\n\n<ul class=\"wp-block-list\">\n<li>opa\u0142u<\/li>\n\n\n\n<li>kawy<\/li>\n\n\n\n<li>artyku\u0142\u00f3w przemys\u0142owych<\/li>\n<\/ul>\n\n\n\n<p>Je\u015bli interesuj\u0105 Ci\u0119 szczeg\u00f3\u0142y naszej oferty zapraszamy do kontaktu poprzez formularz kontaktowy lub w dowolny spos\u00f3b (szczeg\u00f3\u0142owe dane kontaktowe znajdziesz w przycisku poni\u017cej). Je\u015bli chcesz nawi\u0105za\u0107 z nami wsp\u00f3\u0142prac\u0119 jako producent jeste\u015bmy otwarci na propozycje.<\/p>\n\n\n\n<div class=\"wp-block-buttons is-content-justification-left is-layout-flex wp-container-core-buttons-is-layout-fdcfc74e wp-block-buttons-is-layout-flex\">\n<div class=\"wp-block-button is-style-primary\"><a class=\"wp-block-button__link has-pale-ocean-gradient-background has-background wp-element-button\" href=\"#\">Skontaktuj si\u0119 z nami<\/a><\/div>\n<\/div>\n<\/div>\n<\/div>\n\n\n\n<div style=\"height:40px\" aria-hidden=\"true\" class=\"wp-block-spacer\"><\/div>\n<\/div><\/div>\n<\/div><\/div>\n\n\n\n<div class=\"wp-block-cover alignfull is-light\" style=\"min-height:600px;aspect-ratio:unset;\"><span aria-hidden=\"true\" class=\"wp-block-cover__background has-nv-site-bg-background-color has-background-dim-100 has-background-dim\"><\/span><div class=\"wp-block-cover__inner-container is-layout-flow wp-block-cover-is-layout-flow\">\n<div class=\"wp-block-group\"><div class=\"wp-block-group__inner-container is-layout-flow wp-block-group-is-layout-flow\">\n<div style=\"height:80px\" aria-hidden=\"true\" class=\"wp-block-spacer\"><\/div>\n\n\n\n<div class=\"wp-block-columns are-vertically-aligned-center is-layout-flex wp-container-core-columns-is-layout-9d6595d7 wp-block-columns-is-layout-flex\">\n<div class=\"wp-block-column is-vertically-aligned-center is-layout-flow wp-block-column-is-layout-flow\" style=\"flex-basis:50%\">\n<h2 class=\"wp-block-heading has-text-align-left has-neve-text-color-color has-text-color\">Napisz do nas<\/h2>\n\n\n\n<p class=\"has-text-align-left has-neve-text-color-color has-text-color\" style=\"font-size:17px\">Je\u015bli masz jakie\u015b pytania lub chcesz pozna\u0107 szczeg\u00f3\u0142y oferty mo\u017cesz skorzysta\u0107 z formularza poni\u017cej:<\/p>\n\n\n<div class=\"wpforms-container wpforms-container-full wpforms-render-modern\" id=\"wpforms-54\"><form id=\"wpforms-form-54\" class=\"wpforms-validate wpforms-form wpforms-ajax-form\" data-formid=\"54\" method=\"post\" enctype=\"multipart\/form-data\" action=\"\/index.php\/wp-json\/wp\/v2\/pages\/9\" data-token=\"794760e40d7a185d6b1e3e857280093a\"><noscript class=\"wpforms-error-noscript\">Aby wype\u0142ni\u0107 ten formularz, w\u0142\u0105cz obs\u0142ug\u0119 JavaScript w przegl\u0105darce.<\/noscript><div class=\"wpforms-hidden\" id=\"wpforms-error-noscript\">Aby wype\u0142ni\u0107 ten formularz, w\u0142\u0105cz obs\u0142ug\u0119 JavaScript w przegl\u0105darce.<\/div><div class=\"wpforms-field-container\"><div id=\"wpforms-54-field_0-container\" class=\"wpforms-field wpforms-field-name\" data-field-id=\"0\"><fieldset><legend class=\"wpforms-field-label\">Nazwa <span class=\"wpforms-required-label\" aria-hidden=\"true\">*<\/span><\/legend><div class=\"wpforms-field-row wpforms-field-medium\"><div class=\"wpforms-field-row-block wpforms-first wpforms-one-half\"><input type=\"text\" id=\"wpforms-54-field_0\" class=\"wpforms-field-name-first wpforms-field-required\" name=\"wpforms[fields][0][first]\" aria-errormessage=\"wpforms-54-field_0-error\" required><label for=\"wpforms-54-field_0\" class=\"wpforms-field-sublabel after \">Imi\u0119<\/label><\/div><div class=\"wpforms-field-row-block wpforms-one-half\"><input type=\"text\" id=\"wpforms-54-field_0-last\" class=\"wpforms-field-name-last wpforms-field-required\" name=\"wpforms[fields][0][last]\" aria-errormessage=\"wpforms-54-field_0-last-error\" required><label for=\"wpforms-54-field_0-last\" class=\"wpforms-field-sublabel after \">Nazwisko<\/label><\/div><\/div><\/fieldset><\/div><div id=\"wpforms-54-field_1-container\" class=\"wpforms-field wpforms-field-email\" data-field-id=\"1\"><label class=\"wpforms-field-label\" for=\"wpforms-54-field_1\">Adres e-mail <span class=\"wpforms-required-label\" aria-hidden=\"true\">*<\/span><\/label><input type=\"email\" id=\"wpforms-54-field_1\" class=\"wpforms-field-medium wpforms-field-required\" name=\"wpforms[fields][1]\" spellcheck=\"false\" aria-errormessage=\"wpforms-54-field_1-error\" required><\/div><div id=\"wpforms-54-field_2-container\" class=\"wpforms-field wpforms-field-textarea\" data-field-id=\"2\"><label class=\"wpforms-field-label\" for=\"wpforms-54-field_2\">Komentarz lub wiadomo\u015b\u0107 <span class=\"wpforms-required-label\" aria-hidden=\"true\">*<\/span><\/label><textarea id=\"wpforms-54-field_2\" class=\"wpforms-field-medium wpforms-field-required\" name=\"wpforms[fields][2]\" aria-errormessage=\"wpforms-54-field_2-error\" required><\/textarea><\/div><div id=\"wpforms-54-field_3-container\" class=\"wpforms-field wpforms-field-checkbox\" data-field-id=\"3\"><fieldset><legend class=\"wpforms-field-label\">Informacja o administratorze i przetwarzaniu danych <span class=\"wpforms-required-label\" aria-hidden=\"true\">*<\/span><\/legend><ul id=\"wpforms-54-field_3\" class=\"wpforms-field-required\"><li class=\"choice-1 depth-1\"><input type=\"checkbox\" id=\"wpforms-54-field_3_1\" name=\"wpforms[fields][3][]\" value=\"Zapozna\u0142em si\u0119 z informacj\u0105 o administratorze i przetwarzaniu danych\" aria-errormessage=\"wpforms-54-field_3_1-error\" aria-describedby=\"wpforms-54-field_3-description\" required ><label class=\"wpforms-field-label-inline\" for=\"wpforms-54-field_3_1\">Zapozna\u0142em si\u0119 z informacj\u0105 o administratorze i przetwarzaniu danych<\/label><\/li><\/ul><div id=\"wpforms-54-field_3-description\" class=\"wpforms-field-description\">Wyra\u017cam zgod\u0119 na przetwarzanie danych osobowych zgodnie z ustaw\u0105 o ochronie danych osobowych w zwi\u0105zku z wys\u0142aniem zapytania przez formularz kontaktowy. Podanie danych jest dobrowolne, ale niezb\u0119dne do przetworzenia zapytania. Zosta\u0142em poinformowany, \u017ce przys\u0142uguje mi prawo dost\u0119pu do swoich danych, mo\u017cliwo\u015b\u0107 ich poprawiania, \u017c\u0105dania zaprzestania ich przetwarzania. Administratorem danych osobowych jest firma Svarog Trade Sp. z o.o.<\/div><\/fieldset><\/div><\/div><!-- .wpforms-field-container --><input type=\"hidden\" name=\"wpforms[recaptcha]\" value=\"\"><div class=\"wpforms-submit-container\" ><input type=\"hidden\" name=\"wpforms[id]\" value=\"54\"><input type=\"hidden\" name=\"wpforms[author]\" value=\"1\"><button type=\"submit\" name=\"wpforms[submit]\" id=\"wpforms-submit-54\" class=\"wpforms-submit\" data-alt-text=\"Wysy\u0142anie...\" data-submit-text=\"Prze\u015blij\" aria-live=\"assertive\" value=\"wpforms-submit\">Prze\u015blij<\/button><img loading=\"lazy\" decoding=\"async\" src=\"https:\/\/svarogtrade.com\/wp-content\/plugins\/wpforms-lite\/assets\/images\/submit-spin.svg\" class=\"wpforms-submit-spinner\" style=\"display: none;\" width=\"26\" height=\"26\" alt=\"Wczytywanie\"><\/div><\/form><\/div>  <!-- .wpforms-container -->\n\n\n\n<div style=\"height:40px\" aria-hidden=\"true\" class=\"wp-block-spacer\"><\/div>\n<\/div>\n\n\n\n<div class=\"wp-block-column is-vertically-aligned-center is-layout-flow wp-block-column-is-layout-flow\" style=\"flex-basis:50%\">\n<figure class=\"wp-block-image size-large\"><img loading=\"lazy\" decoding=\"async\" width=\"1024\" height=\"683\" src=\"https:\/\/svarogtrade.com\/wp-content\/uploads\/2023\/12\/pexels-karolina-grabowska-7681250-1024x683.jpg\" alt=\"\" class=\"wp-image-52\" srcset=\"https:\/\/svarogtrade.com\/wp-content\/uploads\/2023\/12\/pexels-karolina-grabowska-7681250-1024x683.jpg 1024w, https:\/\/svarogtrade.com\/wp-content\/uploads\/2023\/12\/pexels-karolina-grabowska-7681250-300x200.jpg 300w, https:\/\/svarogtrade.com\/wp-content\/uploads\/2023\/12\/pexels-karolina-grabowska-7681250-768x512.jpg 768w, https:\/\/svarogtrade.com\/wp-content\/uploads\/2023\/12\/pexels-karolina-grabowska-7681250-1536x1024.jpg 1536w, https:\/\/svarogtrade.com\/wp-content\/uploads\/2023\/12\/pexels-karolina-grabowska-7681250-2048x1365.jpg 2048w, https:\/\/svarogtrade.com\/wp-content\/uploads\/2023\/12\/pexels-karolina-grabowska-7681250-930x620.jpg 930w\" sizes=\"auto, (max-width: 1024px) 100vw, 1024px\" \/><\/figure>\n<\/div>\n<\/div>\n\n\n\n<div style=\"height:40px\" aria-hidden=\"true\" class=\"wp-block-spacer\"><\/div>\n<\/div><\/div>\n<\/div><\/div>\n\n\n\n<div style=\"height:40px\" aria-hidden=\"true\" class=\"wp-block-spacer\"><\/div>\n\n\n\n<div class=\"wp-block-cover alignfull is-light\" style=\"min-height:300px;aspect-ratio:unset;\"><span aria-hidden=\"true\" class=\"wp-block-cover__background has-nv-dark-bg-background-color has-background-dim-100 has-background-dim\"><\/span><div class=\"wp-block-cover__inner-container is-layout-flow wp-block-cover-is-layout-flow\">\n<div style=\"height:140px\" aria-hidden=\"true\" class=\"wp-block-spacer\"><\/div>\n\n\n\n<h2 class=\"wp-block-heading has-text-align-center has-nv-text-dark-bg-color has-text-color\"><\/h2>\n\n\n\n<p class=\"has-text-align-center has-medium-font-size\"><\/p>\n\n\n\n<div style=\"height:140px\" aria-hidden=\"true\" class=\"wp-block-spacer\"><\/div>\n<\/div><\/div>\n","protected":false},"excerpt":{"rendered":"<p>Do\u015bwiadczenie Do\u015bwiadczenie w handlu zdobywamy od 2014 roku. Otwarto\u015b\u0107 Nie mamy czego\u015b w ofercie? Nie szkodzi, daj nam zna\u0107 czego potrzebujesz, a my sprawdzimy nasze mo\u017cliwo\u015bci. Rozw\u00f3j Nieustannie poszerzamy nasz\u0105 ofert\u0119 oraz kierunki dzia\u0142ania.<\/p>\n","protected":false},"author":1,"featured_media":0,"parent":0,"menu_order":0,"comment_status":"closed","ping_status":"closed","template":"","meta":{"neve_meta_sidebar":"","neve_meta_container":"","neve_meta_enable_content_width":"on","neve_meta_content_width":100,"neve_meta_title_alignment":"","neve_meta_author_avatar":"","neve_post_elements_order":"","neve_meta_disable_header":"","neve_meta_disable_footer":"","neve_meta_disable_title":"on","footnotes":""},"class_list":["post-9","page","type-page","status-publish","hentry"],"_links":{"self":[{"href":"https:\/\/svarogtrade.com\/index.php\/wp-json\/wp\/v2\/pages\/9","targetHints":{"allow":["GET"]}}],"collection":[{"href":"https:\/\/svarogtrade.com\/index.php\/wp-json\/wp\/v2\/pages"}],"about":[{"href":"https:\/\/svarogtrade.com\/index.php\/wp-json\/wp\/v2\/types\/page"}],"author":[{"embeddable":true,"href":"https:\/\/svarogtrade.com\/index.php\/wp-json\/wp\/v2\/users\/1"}],"replies":[{"embeddable":true,"href":"https:\/\/svarogtrade.com\/index.php\/wp-json\/wp\/v2\/comments?post=9"}],"version-history":[{"count":13,"href":"https:\/\/svarogtrade.com\/index.php\/wp-json\/wp\/v2\/pages\/9\/revisions"}],"predecessor-version":[{"id":76,"href":"https:\/\/svarogtrade.com\/index.php\/wp-json\/wp\/v2\/pages\/9\/revisions\/76"}],"wp:attachment":[{"href":"https:\/\/svarogtrade.com\/index.php\/wp-json\/wp\/v2\/media?parent=9"}],"curies":[{"name":"wp","href":"https:\/\/api.w.org\/{rel}","templated":true}]}}